{"id":177070,"date":"2026-01-27T10:54:04","date_gmt":"2026-01-27T09:54:04","guid":{"rendered":"https:\/\/we-net.ch\/?page_id=177070"},"modified":"2026-03-11T13:35:13","modified_gmt":"2026-03-11T12:35:13","slug":"carriera-cinematografica","status":"publish","type":"page","link":"https:\/\/staging.we-net.ch\/it\/carriera-cinematografica\/","title":{"rendered":"Carriera cinematografica"},"content":{"rendered":"<div data-elementor-type=\"wp-page\" data-elementor-id=\"177070\" class=\"elementor elementor-177070\" data-elementor-post-type=\"page\">\n\t\t\t\t<div class=\"elementor-element elementor-element-18c6a40 e-con-full e-flex e-con e-parent\" data-id=\"18c6a40\" data-element_type=\"container\" data-e-type=\"container\">\n\t\t\t\t<div class=\"elementor-element elementor-element-358fa14 elementor-widget elementor-widget-video\" data-id=\"358fa14\" data-element_type=\"widget\" data-e-type=\"widget\" data-settings=\"{&quot;youtube_url&quot;:&quot;https:\\\/\\\/youtu.be\\\/fvgHjdRk8Ns&quot;,&quot;yt_privacy&quot;:&quot;yes&quot;,&quot;lazy_load&quot;:&quot;yes&quot;,&quot;show_image_overlay&quot;:&quot;yes&quot;,&quot;image_overlay&quot;:{&quot;url&quot;:&quot;https:\\\/\\\/we-net.ch\\\/wp-content\\\/uploads\\\/2025\\\/03\\\/wenetFallback.jpg&quot;,&quot;id&quot;:125307,&quot;size&quot;:&quot;&quot;,&quot;alt&quot;:&quot;welcome to wenet&quot;,&quot;source&quot;:&quot;library&quot;},&quot;video_type&quot;:&quot;youtube&quot;,&quot;controls&quot;:&quot;yes&quot;}\" data-widget_type=\"video.default\">\n\t\t\t\t<div class=\"elementor-widget-container\">\n\t\t\t\t\t\t\t<div class=\"elementor-wrapper elementor-open-inline\">\n\t\t\t<div class=\"elementor-video\"><\/div>\t\t\t\t<div class=\"elementor-custom-embed-image-overlay\" style=\"background-image: url(https:\/\/staging.we-net.ch\/wp-content\/uploads\/2025\/03\/wenetFallback.jpg);\">\n\t\t\t\t\t\t\t\t\t\t\t\t\t\t\t\t<div class=\"elementor-custom-embed-play\" role=\"button\" aria-label=\"Riproduzione di video sul benvenuto a wenet\" tabindex=\"0\">\n\t\t\t\t\t\t\t<svg aria-hidden=\"true\" class=\"e-font-icon-svg e-eicon-play\" viewbox=\"0 0 1000 1000\" xmlns=\"http:\/\/www.w3.org\/2000\/svg\"><path d=\"M838 162C746 71 633 25 500 25 371 25 258 71 163 162 71 254 25 367 25 500 25 633 71 746 163 837 254 929 367 979 500 979 633 979 746 933 838 837 929 746 975 633 975 500 975 367 929 254 838 162M808 192C892 279 933 379 933 500 933 621 892 725 808 808 725 892 621 938 500 938 379 938 279 896 196 808 113 725 67 621 67 500 67 379 108 279 196 192 279 108 383 62 500 62 621 62 721 108 808 192M438 392V642L642 517 438 392Z\"><\/path><\/svg>\t\t\t\t\t\t<\/div>\n\t\t\t\t\t\t\t\t\t<\/div>\n\t\t\t\t\t<\/div>\n\t\t\t\t\t\t<\/div>\n\t\t\t\t<\/div>\n\t\t\t\t<\/div>\n\t\t<div class=\"elementor-element elementor-element-3e5f971 e-flex e-con-boxed e-con e-parent\" data-id=\"3e5f971\" data-element_type=\"container\" data-e-type=\"container\">\n\t\t\t\t\t<div class=\"e-con-inner\">\n\t\t<div class=\"elementor-element elementor-element-01240a1 e-con-full e-flex e-con e-child\" data-id=\"01240a1\" data-element_type=\"container\" data-e-type=\"container\" data-settings=\"{&quot;background_background&quot;:&quot;classic&quot;}\">\n\t\t<div class=\"elementor-element elementor-element-9f91a8b e-con-full e-flex e-con e-child\" data-id=\"9f91a8b\" data-element_type=\"container\" data-e-type=\"container\">\n\t\t\t\t<div class=\"elementor-element elementor-element-4c444c2 elementor-widget elementor-widget-heading\" data-id=\"4c444c2\" data-element_type=\"widget\" data-e-type=\"widget\" data-widget_type=\"heading.default\">\n\t\t\t\t<div class=\"elementor-widget-container\">\n\t\t\t\t\t<h1 class=\"elementor-heading-title elementor-size-default\">Entrate a far parte di un team leader.<\/h1>\t\t\t\t<\/div>\n\t\t\t\t<\/div>\n\t\t\t\t<div class=\"elementor-element elementor-element-0705da2 elementor-widget-divider--view-line elementor-widget elementor-widget-divider\" data-id=\"0705da2\" data-element_type=\"widget\" data-e-type=\"widget\" data-widget_type=\"divider.default\">\n\t\t\t\t<div class=\"elementor-widget-container\">\n\t\t\t\t\t\t\t<div class=\"elementor-divider\">\n\t\t\t<span class=\"elementor-divider-separator\">\n\t\t\t\t\t\t<\/span>\n\t\t<\/div>\n\t\t\t\t\t\t<\/div>\n\t\t\t\t<\/div>\n\t\t\t\t<div class=\"elementor-element elementor-element-be9e800 elementor-widget elementor-widget-heading\" data-id=\"be9e800\" data-element_type=\"widget\" data-e-type=\"widget\" data-widget_type=\"heading.default\">\n\t\t\t\t<div class=\"elementor-widget-container\">\n\t\t\t\t\t<p class=\"elementor-heading-title elementor-size-default\">Che siate professionisti esperti o in procinto di cambiare carriera, possiamo fornirvi il giusto supporto per avere successo nel mercato immobiliare. Approfittate dei nostri corsi di formazione o candidatevi direttamente per ottenere interessanti opportunit\u00e0 di carriera.\n<\/p>\t\t\t\t<\/div>\n\t\t\t\t<\/div>\n\t\t<div class=\"elementor-element elementor-element-dedd3b2 e-con-full e-flex e-con e-child\" data-id=\"dedd3b2\" data-element_type=\"container\" data-e-type=\"container\">\n\t\t\t\t<div class=\"elementor-element elementor-element-2859abb elementor-widget elementor-widget-button\" data-id=\"2859abb\" data-element_type=\"widget\" data-e-type=\"widget\" data-widget_type=\"button.default\">\n\t\t\t\t<div class=\"elementor-widget-container\">\n\t\t\t\t\t\t\t\t\t<div class=\"elementor-button-wrapper\">\n\t\t\t\t\t<a class=\"elementor-button elementor-button-link elementor-size-sm\" href=\"https:\/\/we-net.ch\/dozent-ausbildung-begleitung-eidg-dipl-lehrgaenge\/\">\n\t\t\t\t\t\t<span class=\"elementor-button-content-wrapper\">\n\t\t\t\t\t\t\t\t\t<span class=\"elementor-button-text\">Formazione per professionisti<\/span>\n\t\t\t\t\t<\/span>\n\t\t\t\t\t<\/a>\n\t\t\t\t<\/div>\n\t\t\t\t\t\t\t\t<\/div>\n\t\t\t\t<\/div>\n\t\t\t\t<div class=\"elementor-element elementor-element-f63099a elementor-widget elementor-widget-button\" data-id=\"f63099a\" data-element_type=\"widget\" data-e-type=\"widget\" data-widget_type=\"button.default\">\n\t\t\t\t<div class=\"elementor-widget-container\">\n\t\t\t\t\t\t\t\t\t<div class=\"elementor-button-wrapper\">\n\t\t\t\t\t<a class=\"elementor-button elementor-button-link elementor-size-sm\" href=\"https:\/\/we-net.ch\/karriere-immobilienbranche\/\">\n\t\t\t\t\t\t<span class=\"elementor-button-content-wrapper\">\n\t\t\t\t\t\t\t\t\t<span class=\"elementor-button-text\">Opportunit\u00e0 di carriera<\/span>\n\t\t\t\t\t<\/span>\n\t\t\t\t\t<\/a>\n\t\t\t\t<\/div>\n\t\t\t\t\t\t\t\t<\/div>\n\t\t\t\t<\/div>\n\t\t\t\t<\/div>\n\t\t\t\t<\/div>\n\t\t\t\t<\/div>\n\t\t\t\t\t<\/div>\n\t\t\t\t<\/div>\n\t\t\t\t<\/div>","protected":false},"excerpt":{"rendered":"<p>Werden Sie Teil eines f\u00fchrenden Teams. Ob erfahrener Profi oder Quereinsteiger \u2013 bei uns finden Sie die richtige Unterst\u00fctzung, um im Immobilienmarkt erfolgreich zu sein. Nutzen Sie unsere Schulungen oder bewerben Sie sich direkt f\u00fcr spannende Karrierem\u00f6glichkeiten. Schulung f\u00fcr Profis Karrierem\u00f6glichkeiten<\/p>","protected":false},"author":9039,"featured_media":0,"parent":0,"menu_order":0,"comment_status":"closed","ping_status":"closed","template":"","meta":{"_acf_changed":false,"_rtcl_gb_attr":"","inline_featured_image":false,"footnotes":""},"folder":[13317],"class_list":["post-177070","page","type-page","status-publish","hentry"],"acf":[],"yoast_head":"<!-- This site is optimized with the Yoast SEO Premium plugin v24.2 (Yoast SEO v27.1.1) - https:\/\/yoast.com\/product\/yoast-seo-premium-wordpress\/ -->\n<title>Karrierefilm \u2013 Arbeiten bei WENET AG erleben<\/title>\n<meta name=\"description\" content=\"Erleben Sie WENET AG als Arbeitgeber: Unser Karrierefilm gibt Einblicke in Kultur, Chancen und Teamgeist.\" \/>\n<meta name=\"robots\" content=\"index, follow, max-snippet:-1, max-image-preview:large, max-video-preview:-1\" \/>\n<link rel=\"canonical\" href=\"https:\/\/we-net.ch\/karriere-film\/\" \/>\n<meta property=\"og:locale\" content=\"it_IT\" \/>\n<meta property=\"og:type\" content=\"article\" \/>\n<meta property=\"og:title\" content=\"Karriere Film\" \/>\n<meta property=\"og:description\" content=\"Erleben Sie WENET AG als Arbeitgeber: Unser Karrierefilm gibt Einblicke in Kultur, Chancen und Teamgeist.\" \/>\n<meta property=\"og:url\" content=\"https:\/\/we-net.ch\/karriere-film\/\" \/>\n<meta property=\"og:site_name\" content=\"WENET AG\" \/>\n<meta property=\"article:modified_time\" content=\"2026-03-11T12:35:13+00:00\" \/>\n<meta property=\"og:image\" content=\"https:\/\/staging.we-net.ch\/wp-content\/uploads\/2024\/11\/watermark2.png\" \/>\n\t<meta property=\"og:image:width\" content=\"800\" \/>\n\t<meta property=\"og:image:height\" content=\"107\" \/>\n\t<meta property=\"og:image:type\" content=\"image\/png\" \/>\n<meta name=\"twitter:card\" content=\"summary_large_image\" \/>\n<!-- \/ Yoast SEO Premium plugin. -->","yoast_head_json":{"title":"Filmato di carriera - Esperienza di lavoro presso WENET AG","description":"Scoprite WENET AG come datore di lavoro: il nostro filmato sulle carriere fornisce informazioni sulla cultura, le opportunit\u00e0 e lo spirito di squadra.","robots":{"index":"index","follow":"follow","max-snippet":"max-snippet:-1","max-image-preview":"max-image-preview:large","max-video-preview":"max-video-preview:-1"},"canonical":"https:\/\/we-net.ch\/karriere-film\/","og_locale":"it_IT","og_type":"article","og_title":"Karriere Film","og_description":"Erleben Sie WENET AG als Arbeitgeber: Unser Karrierefilm gibt Einblicke in Kultur, Chancen und Teamgeist.","og_url":"https:\/\/we-net.ch\/karriere-film\/","og_site_name":"WENET AG","article_modified_time":"2026-03-11T12:35:13+00:00","og_image":[{"width":800,"height":107,"url":"https:\/\/staging.we-net.ch\/wp-content\/uploads\/2024\/11\/watermark2.png","type":"image\/png"}],"twitter_card":"summary_large_image","schema":{"@context":"https:\/\/schema.org","@graph":[{"@type":"WebPage","@id":"https:\/\/we-net.ch\/karriere-film\/","url":"https:\/\/we-net.ch\/karriere-film\/","name":"Filmato di carriera - Esperienza di lavoro presso WENET AG","isPartOf":{"@id":"https:\/\/we-net.ch\/#website"},"datePublished":"2026-01-27T09:54:04+00:00","dateModified":"2026-03-11T12:35:13+00:00","description":"Scoprite WENET AG come datore di lavoro: il nostro filmato sulle carriere fornisce informazioni sulla cultura, le opportunit\u00e0 e lo spirito di squadra.","breadcrumb":{"@id":"https:\/\/we-net.ch\/karriere-film\/#breadcrumb"},"inLanguage":"it-IT","potentialAction":[{"@type":"ReadAction","target":["https:\/\/we-net.ch\/karriere-film\/"]}]},{"@type":"BreadcrumbList","@id":"https:\/\/we-net.ch\/karriere-film\/#breadcrumb","itemListElement":[{"@type":"ListItem","position":1,"name":"Startseite","item":"https:\/\/we-net.ch\/"},{"@type":"ListItem","position":2,"name":"Karriere Film"}]},{"@type":"WebSite","@id":"https:\/\/we-net.ch\/#website","url":"https:\/\/we-net.ch\/","name":"WENET AG","description":"Immobili","publisher":{"@id":"https:\/\/we-net.ch\/#organization"},"potentialAction":[{"@type":"SearchAction","target":{"@type":"EntryPoint","urlTemplate":"https:\/\/we-net.ch\/?s={search_term_string}"},"query-input":{"@type":"PropertyValueSpecification","valueRequired":true,"valueName":"search_term_string"}}],"inLanguage":"it-IT"},{"@type":"Organization","@id":"https:\/\/we-net.ch\/#organization","name":"WENET AG","url":"https:\/\/we-net.ch\/","logo":{"@type":"ImageObject","inLanguage":"it-IT","@id":"https:\/\/we-net.ch\/#\/schema\/logo\/image\/","url":"https:\/\/we-net.ch\/wp-content\/uploads\/2024\/11\/watermark2.png","contentUrl":"https:\/\/we-net.ch\/wp-content\/uploads\/2024\/11\/watermark2.png","width":800,"height":107,"caption":"WENET AG"},"image":{"@id":"https:\/\/we-net.ch\/#\/schema\/logo\/image\/"}}]}},"_links":{"self":[{"href":"https:\/\/staging.we-net.ch\/it\/wp-json\/wp\/v2\/pages\/177070","targetHints":{"allow":["GET"]}}],"collection":[{"href":"https:\/\/staging.we-net.ch\/it\/wp-json\/wp\/v2\/pages"}],"about":[{"href":"https:\/\/staging.we-net.ch\/it\/wp-json\/wp\/v2\/types\/page"}],"author":[{"embeddable":true,"href":"https:\/\/staging.we-net.ch\/it\/wp-json\/wp\/v2\/users\/9039"}],"replies":[{"embeddable":true,"href":"https:\/\/staging.we-net.ch\/it\/wp-json\/wp\/v2\/comments?post=177070"}],"version-history":[{"count":20,"href":"https:\/\/staging.we-net.ch\/it\/wp-json\/wp\/v2\/pages\/177070\/revisions"}],"predecessor-version":[{"id":182347,"href":"https:\/\/staging.we-net.ch\/it\/wp-json\/wp\/v2\/pages\/177070\/revisions\/182347"}],"wp:attachment":[{"href":"https:\/\/staging.we-net.ch\/it\/wp-json\/wp\/v2\/media?parent=177070"}],"wp:term":[{"taxonomy":"folder","embeddable":true,"href":"https:\/\/staging.we-net.ch\/it\/wp-json\/wp\/v2\/folder?post=177070"}],"curies":[{"name":"wp","href":"https:\/\/api.w.org\/{rel}","templated":true}]}}